{"id":4270,"date":"2009-04-21T08:59:20","date_gmt":"2009-04-21T06:59:20","guid":{"rendered":"http:\/\/www.luftbruecke-fuer-hunde.de\/_cms\/?page_id=4270"},"modified":"2011-12-10T00:26:33","modified_gmt":"2011-12-09T22:26:33","slug":"krankheiten","status":"publish","type":"page","link":"https:\/\/www.luftbruecke-fuer-hunde.de\/_cms\/?page_id=4270","title":{"rendered":"Krankheiten"},"content":{"rendered":"<table border=\"0\" cellspacing=\"0\" cellpadding=\"0\" width=\"100%\">\n<tbody>\n<tr><!-- abstandshalter links vom inhalt --><\/p>\n<td width=\"18\"><\/td>\n<p><!--  inhalt --><\/p>\n<td>\n<table id=\"table1\" border=\"0\" width=\"807\">\n<tbody>\n<tr>\n<td width=\"30\"><span style=\"font-family: Verdana;\"><br \/>\n<img loading=\"lazy\" decoding=\"async\" src=\"http:\/\/www.luftbruecke-fuer-hunde.de\/images\/leer.gif\" border=\"0\" alt=\"\" width=\"30\" height=\"30\" \/><\/span><\/td>\n<td>\n<table id=\"table3\" border=\"0\" width=\"100%\">\n<tbody>\n<tr>\n<td width=\"100%\" align=\"left\">\n<table id=\"table6\" border=\"0\" cellspacing=\"1\" cellpadding=\"1\" width=\"90%\" align=\"left\">\n<tbody>\n<tr align=\"left\" valign=\"top\">\n<td width=\"28%\" align=\"left\">\n<div><span style=\"font-family: Verdana;\"><br \/>\n<img decoding=\"async\" src=\"http:\/\/www.luftbruecke-fuer-hunde.de\/_bruecke.gif\" border=\"0\" alt=\"\" width=\"200\" \/><\/p>\n<p><\/span><\/div>\n<\/td>\n<td width=\"2%\"><span style=\"font-family: Verdana;\"><br \/>\n<img loading=\"lazy\" decoding=\"async\" src=\"http:\/\/www.luftbruecke-fuer.hunde.de\/images\/leer.gif\" alt=\"\" width=\"30\" height=\"30\" \/><\/span><\/td>\n<td class=\"Stil1\" width=\"70%\" align=\"justify\" valign=\"top\">\n<div class=\"luft\">\n<div>\n<p>Wir sind bem\u00fcht, die Informationen aktuell zu halten. <span style=\"color: #0000ff;\"> <\/span><span>N\u00e4here Informationen zu nachstehenden Krankheiten finden Sie auch bei<\/span><span><a href=\"http:\/\/www.parasitus.com\/\"> www.parasitus.com<\/a><\/span><\/p>\n<p><span style=\"color: #0000ff;\"> <\/span><\/p>\n<p>Weitere interessante Informationen zu  <span class=\"Stil1\"><span class=\"luft\"><span style=\"color: #000000;\"><a href=\"http:\/\/de.wikipedia.org\/wiki\/Filariose\/\" target=\"_blank\"> <span style=\"font-family: Verdana; color: #0000ff;\">Filariose<\/span><\/a><\/span><\/span><span style=\"font-family: Verdana;\"> <\/span><span style=\"color: #000000;\"> <\/span><span style=\"font-family: Verdana;\">und <\/span> <a href=\"http:\/\/de.wikipedia.org\/wiki\/Leishmaniose\/\" target=\"_blank\"> <span style=\"font-family: Verdana; color: #0000ff;\">Leishmaniose<\/span><\/a><span style=\"font-family: Verdana;\"> <\/span> <\/span> <span style=\"font-family: Verdana;\">finden Sie bei <a href=\"http:\/\/de.wikipedia.org\/wiki\/Hauptseite\" target=\"_blank\"> <span style=\"font-family: Verdana; color: #0000ff;\">Wikipedia<\/span><\/a>.<span class=\"Stil1\"> <\/span><\/span><\/p>\n<hr size=\"1\" \/>\n<div><span style=\"font-family: Verdana;\"><strong><span style=\"color: #0000ff;\"><br \/>\nLeishmaniose &#8211; Grund zur Panik?<\/span><\/strong><\/p>\n<p><strong> <\/strong>Leishmaniose ist eine weltweit vorkommende Parasitose mit<br \/>\nunterschiedlichen Krankheitsbildern bei Mensch und Tier, die viele<br \/>\nMenschen aus Unwissenheit in Angst und Schrecken versetzt.<\/p>\n<p><\/span><\/p>\n<p><span style=\"font-family: Verdana;\"> Die Erreger (Leishmanien) werden durch den Stich der Sandm\u00fccke<br \/>\n\u00fcbertragen. Eine direkte Form der Ansteckung, \u00fcber Blut oder<br \/>\nSpeichel ist NICHT nachgewiesen und reine Spekulation.<\/span><\/p>\n<p><span style=\"font-family: Verdana;\"> Je fr\u00fcher bei Auftreten von Symptomen und nach Erregernachweis mit<br \/>\nder individuellen Therapie begonnen wird, desto besser sind die<br \/>\nHeilungschancen.<\/span><\/p>\n<p><span style=\"font-family: Verdana;\"> Leider sind, wie die Praxis zeigt, auch viele deutsche Tier\u00e4rzte<br \/>\nnicht ausreichend informiert und tragen dadurch zur allgemeinen<br \/>\nPanik und Verunsicherung bei.<\/span><\/p>\n<\/div>\n<\/div>\n<\/div>\n<\/td>\n<\/tr>\n<tr align=\"left\" valign=\"top\">\n<td colspan=\"3\">\n<hr size=\"1\" \/>\n<div><span class=\"luft\"> <strong><span style=\"font-family: Verdana;\"><br \/>\nLeishmanien<\/p>\n<p><\/span><br \/>\n<\/strong><span style=\"font-family: Verdana;\">Im Europ\u00e4isch-Mediterranen Raum gibt es<br \/>\nausschlie\u00dflich den Erreger der inneren Leishmaniose, Leishmanium<br \/>\ninfantum, mit derzeit mindestens 9 verschiedenen Rassen, davon sind<br \/>\nmanche mehr, andere weniger krankheitserregend.<\/span><\/p>\n<p><span style=\"font-family: Verdana;\"> Nicht alle 9 Rassen kommen in den gleichen Regionen vor, deshalb ist es<br \/>\nauch f\u00fcr die Therapie wichtig, eine Stammbestimmung durchzuf\u00fchren und<br \/>\njedes Tier individuell zu behandeln.<\/span><\/p>\n<p><span style=\"font-family: Verdana;\"> Die Leishmanien befinden sich beim Hund und Mensch in den Zellen von<br \/>\nLeber, Milz und Knochenmark in den wei\u00dfen Blutk\u00f6rperchen, die f\u00fcr den<br \/>\nk\u00f6rpereigenen Schutz zust\u00e4ndig sind. Damit sch\u00e4digen sie das<br \/>\nImmunsystem. Eine \u00dcbertragung durch Hundespeichel ist somit<br \/>\nauszuschlie\u00dfen, da sich dort keine wei\u00dfen Blutk\u00f6rperchen befinden.<\/span><\/p>\n<p><\/span><\/p>\n<\/div>\n<hr size=\"1\" \/>\n<div><span class=\"luft\"><strong><span style=\"font-family: Verdana;\">Die Sandm\u00fccke<\/p>\n<p><\/span><br \/>\n<\/strong><span style=\"font-family: Verdana;\">Leishmaniose kann sich NUR mit dem<br \/>\nVorkommen der Sandm\u00fccke als \u00dcbertr\u00e4ger verbreiten. Es gibt sie in allen<br \/>\nmediterranen L\u00e4ndern, in Regionen von Tunesien, Griechenland, T\u00fcrkei,<br \/>\nPortugal, S\u00fcdfrankreich, Spanien, Kanaren, Sizilien, aber auch in<br \/>\nDeutschland (bisher nur Baden-W\u00fcrttemberg) und der Schweiz.<\/p>\n<p>Sie sind nur von Fr\u00fchling bis Sp\u00e4tsommer unterwegs, besonders aber im<br \/>\nAugust und September.<\/p>\n<p>Sandm\u00fccken sind windempfindlich, sind also nie direkt am Meer und<br \/>\nfliegen nur nachts, etwa eine Stunde nach Sonnenuntergang bis eine<br \/>\nStunde vor Sonnenaufgang.<\/p>\n<p><\/span><\/p>\n<p><span style=\"font-family: Verdana;\"> Ihre maximale Flugh\u00f6he betr\u00e4gt 3 Meter, nur gelbes Licht lockt sie<br \/>\nh\u00f6her. Neonr\u00f6hren, Energiesparlampen oder Quarzlampen haben kein gelbes<br \/>\nLicht.<\/span><\/p>\n<p><span style=\"font-family: Verdana;\"> F\u00fcr einen dieser schmerzenden Stiche braucht das Insekt etwa 5 Minuten,<br \/>\nalso sticht es nur schlafende Lebewesen, um nicht gest\u00f6rt oder abgewehrt<br \/>\nzu werden. <\/span><\/p>\n<p><span style=\"font-family: Verdana;\"> Statistisch gesehen erh\u00e4lt jeder Hund in den gef\u00e4hrdeten Regionen ca.<br \/>\n300 Stiche (!) pro Nacht ,etwa 0,3% der M\u00fccken sind mit Leishmanien<br \/>\ninfiziert, also jeder Hund erh\u00e4lt so &#8211; rein statistisch &#8211; einen<br \/>\ninfekti\u00f6sen Sandm\u00fcckenstich pro Nacht. Vor allem Nase und Unterbauch<br \/>\nsind bei den Hunden gef\u00e4hrdet.<\/span><\/p>\n<p><\/span><\/p>\n<\/div>\n<hr size=\"1\" \/>\n<div>\n<p><span class=\"luft\"><strong><span style=\"font-family: Verdana;\"> <\/span><\/strong><\/span><\/p>\n<p><strong><span style=\"font-family: Verdana;\"> Prophylaxe<\/span><\/strong><\/p>\n<p><strong><br \/>\n<\/strong><span style=\"font-family: Verdana;\">Eine vorbeugende Impfung ,wie bei Tollwut<br \/>\noder Staupe, gibt es derzeit leider nicht.<\/span><\/p>\n<p>SCALIBOR\u00ae- ein hochwirksames Halsband der Firma Intervet dient als<br \/>\neinziger wirksamer Schutz der Hunde vor Stichen der Sandm\u00fccke und kann<br \/>\nbeim Tierarzt erworben werden.<\/p>\n<p>Bei Reisen in Mittelmeerl\u00e4nder sollte es zur Prophylaxe dem Hund ca. 14<br \/>\nTage vor Reisebeginn angelegt werden, damit sich der Wirkstoff \u00fcber den<br \/>\nK\u00f6rper verteilt. Es sch\u00fctzt auch vor anderen Parasiten und wirkt etwa 6<br \/>\nMonate lang. SCALIBOR \u00ae verhindert auch ein weiteres Verbreiten der<br \/>\nInfektion.<\/p>\n<p>Das Tier sollte nachts nicht im Freien oder in Autos schlafen, die<br \/>\nFenster sind mit d\u00fcnnmaschigen Mosquitonetzen sch\u00fctzen.<\/p>\n<p><span style=\"font-family: Verdana;\"> <\/span><\/p>\n<\/div>\n<hr size=\"1\" \/>\n<div><span class=\"luft\"><strong><span style=\"font-family: Verdana;\">Symptome<\/p>\n<p><\/span><br \/>\n<\/strong><span style=\"font-family: Verdana;\">Der Erreger, Leishmania infantum, \u00e4u\u00dfert<br \/>\nsich sekund\u00e4r \u00fcber die Haut, prim\u00e4r sind die inneren Organe befallen. Im<br \/>\nMittelmeerraum sind viele Menschen infiziert (in S\u00fcdfrankreich 30-40%<br \/>\nder Bev\u00f6lkerung), auch viele Touristen werden jedes Jahr neu infiziert ,<br \/>\nohne je ein Symptom zu zeigen oder es \u00fcberhaupt zu bemerken. Ernste<br \/>\nGefahr besteht nur f\u00fcr Schwerstkranke oder S\u00e4uglinge, deren Immunsystem<br \/>\ngeschw\u00e4cht oder noch nicht ausreichend ausgebildet ist.<\/span><\/p>\n<p><span style=\"font-family: Verdana;\"> Inwieweit ein Tier \u00fcberhaupt erkrankt , h\u00e4ngt von verschiedenen Faktoren<br \/>\nab:<\/span><\/p>\n<p><span style=\"font-family: Verdana;\"> -vom Leishmania Stamm, der mehr oder weniger krankmachend ist<\/span><\/p>\n<p>(Kein Stamm hat sich nur auf Hunde spezialisiert)<\/p>\n<p><\/span><\/p>\n<p><span style=\"font-family: Verdana;\"> -vom Immunstatus und Alter des Hundes<\/span><\/p>\n<p>(ein gesunder, junger Hund (bis 5 Jahre) kann die Infektion selbst gut<br \/>\nbek\u00e4mpfen)<\/p>\n<p><span style=\"font-family: Verdana;\"> -von der Hunderasse (Bobtail, Sch\u00e4ferhund, Husky in Italien oder Spanien<br \/>\nsind st\u00e4rker gef\u00e4hrdet)<\/span><\/p>\n<p><span style=\"font-family: Verdana;\"> Besonders f\u00fcr die wachsende Zahl der Hunde, die ihre Halter ungesch\u00fctzt<br \/>\nauf Reisen in mediterrane L\u00e4nder begleiten, ist die Prognose bei einer<br \/>\nLeishmaniose-Erkrankung leider schlecht.<\/span><\/p>\n<p><span style=\"font-family: Verdana;\"> Hunde, die in Leishmaniose-Gebieten leben und aufgewachsen sind, haben<br \/>\nsich oft bereits mit der Krankheit auseinandersetzen m\u00fcssen, ist ihr<br \/>\nImmunsystem stabil (und das ist es meist), haben sie einen nat\u00fcrlichen<br \/>\nImmunschutz erworben. Sie zeigen dann zwar einen Antik\u00f6rper-Titer im<br \/>\nTest, haben aber KEINE Leishmaniose.<\/span><\/p>\n<p><span style=\"font-family: Verdana;\"> Ein infizierter Hund kann sehr vielf\u00e4ltige Symptome zeigen, die aber<br \/>\nauch auf andere Erkrankungen hinweisen k\u00f6nnen. Das Fehlen von Symptomen<br \/>\nist kein Hinweis darauf, dass der Hund nicht infiziert ist. Nur Tests<br \/>\nbringen einen Nachweis. Dabei mu\u00df immer auch ein Gro\u00dfes Blutbild gemacht<br \/>\nwerden, um eine eventuelle Sch\u00e4digung der Organe erkennen zu k\u00f6nnen.<\/span><\/p>\n<p><span style=\"font-family: Verdana;\"> Symptome treten oft schubweise auf und k\u00f6nnen sein: schleichender<br \/>\nGewichtsverlust, Lahmheit, Tr\u00e4gheit, Appetitlosigkeit, Haarverlust<br \/>\n(besonders um die Augen), Schuppenbildung, Hautwunden (oft n\u00e4ssend,<br \/>\nmeist kreisrund- an Ohren, Kopf, Nase, an den Beinen) ,Nasenbluten,<br \/>\nLymphknotenschwellung, Blutarmut (An\u00e4mie), Ausfransen der Ohrr\u00e4nder mit<br \/>\nSchuppenbildung, Nierensch\u00e4digung.<\/span><\/p>\n<\/div>\n<hr size=\"1\" \/>\n<div>\n<p><span class=\"luft\"><strong><span style=\"font-family: Verdana;\"> <\/span><\/strong><\/span><\/p>\n<p><strong><span style=\"font-family: Verdana;\"> Bluttest:<\/span><\/strong><\/p>\n<p><strong><br \/>\n<\/strong><span style=\"font-family: Verdana;\">Dabei wird untersucht, ob vom K\u00f6rper<br \/>\nAntik\u00f6rper gebildet wurden und wie viel (Antik\u00f6rper-Titer). Relativ<br \/>\nungenau, da das Ergebnis von vielen Faktoren beeinflusst werden kann.<\/span><\/p>\n<p>Der Titer kann hoch sein, wenn der mediterrane Hund sich gerade mit der<br \/>\nInfektion selbst auseinandersetzt und schon eine nat\u00fcrlich Immunabwehr<br \/>\ngebildet hat. Dieser Hund erkrankt nicht.<\/p>\n<p><span style=\"font-family: Verdana;\"> Stress kann das Immunsystem des Hundes durcheinander bringen und zu<br \/>\nfalschen Ergebnissen f\u00fchren.<\/span><\/p>\n<p><span style=\"font-family: Verdana;\"> Es kann eine Kreuzreaktion mit einer anderen Infektion geben<br \/>\n(Ehrlichiose, Filarien, Babesiose u.a.), d.h. das Immunsystem arbeitet<br \/>\nauf Hochtouren ein erh\u00f6hter Titer wird angezeigt, obwohl der Hund nie<br \/>\neine Sandm\u00fccke gesehen hat.<\/span><\/p>\n<p><span style=\"font-family: Verdana;\"> Im Labor werden oftmals nicht die richtigen Testsubstanzen f\u00fcr die<br \/>\nentsprechende Region verwendet, d.h. ein Labor in Italien nutzt<br \/>\nSubstanzen, die nur Leishmanienst\u00e4mme aus Indien oder Spanien anzeigen<br \/>\n(oft eine Preisfrage).<\/span><\/p>\n<p><span style=\"font-family: Verdana;\"> Auch der sogenannte Schnelltest, der h\u00e4ufig in s\u00fcdlichen L\u00e4ndern<br \/>\nangeboten wird, hat nur wenig Aussagekraft.<\/span><\/p>\n<p><span style=\"font-family: Verdana;\"> In Deutschland bieten leider nur 2 Labore zur Zeit diesen Test mit einer<br \/>\nstandardisierten mediterranen Grundsubstanz an, die amtlich gepr\u00fcft<br \/>\nwurde und eine Zulassungsnummer erhielt. Nur dort sind die Ergebnisse<br \/>\nnoch nach Jahren vergleichbar.<\/span><\/p>\n<p><span style=\"font-family: Verdana;\"> Genauere Nachweisverfahren sind Knochenmark und Lymphknotentest, die<br \/>\nauch nur in speziellen Labors durchgef\u00fchrt werden k\u00f6nnen.:<\/span><\/p>\n<\/div>\n<hr size=\"1\" \/>\n<div><span class=\"luft\"><strong><span style=\"font-family: Verdana;\">Therapie<\/p>\n<p><\/span><\/strong><\/p>\n<p><strong> <\/strong><span style=\"font-family: Verdana;\">F\u00fcr den Hund stehen zahlreiche<br \/>\ntherapeutische Verfahren zur Verf\u00fcgung, die aber individuell ,je nach<br \/>\nErregerstamm, Konstitution ,Alter und Hunderasse eingesetzt werden<br \/>\nm\u00fcssen. Heilung ist m\u00f6glich!<\/span><\/p>\n<p><span style=\"font-family: Verdana;\"> Grundvoraussetzung in jedem Fall ist eine Erh\u00f6hung und Stabilisierung<br \/>\ndes Immunsystems des Hundes. Kein Stress, Geborgenheit, ausgewogenes<br \/>\nFutter &#8211; all das verbessert seine Konstitution , sein Wohlbefinden und<br \/>\nst\u00e4rkt damit sein Immunsystem. Damit wird das Tier in die Lage versetzt<br \/>\n,sich selbst mit dem Erreger auseinander zu setzen und damit fertig zu<br \/>\nwerden.<\/span><\/p>\n<p><span style=\"font-family: Verdana;\"> Besonders Tiere, die keine Symptome zeigen, haben dabei sehr gute<br \/>\nChancen.<\/span><\/p>\n<p><span style=\"font-family: Verdana;\"> Eine Spontanheilung ist bei Hunden unter ca. 5 Jahren m\u00f6glich und auch<br \/>\nbekannt.<\/span><\/p>\n<p><span style=\"font-family: Verdana;\"> Als pflanzliche Unterst\u00fctzung zur Erh\u00f6hung der Immunabwehr kann<br \/>\nECHINACEA kurweise gegeben werden.<\/span><\/p>\n<p><span style=\"font-family: Verdana;\"> F\u00fcr die individuelle Behandlung stehen verschiedene Pr\u00e4parate zur<br \/>\nVerf\u00fcgung , die grunds\u00e4tzlich in Kombination und auf den jeweiligen Hund<br \/>\nabgestimmt gegeben werden m\u00fcssen (Allopurinol, Amphotericin B, Antimon,<br \/>\nKetoconazol, Interferon, Oleyl-PC u.a.) Die so oft vorgeschlagene<br \/>\nTherapie nur mit Allopurinol reicht nicht aus, da dieser Wirkstoff<br \/>\nallein die Leishmanien nicht abt\u00f6tet!<\/span><\/p>\n<p>Die zu erwartenden Kosten sind stark abh\u00e4ngig von der jeweiligen<br \/>\nTherapie und k\u00f6nnen unter Umst\u00e4nden (incl. der st\u00e4ndigen Labortests )<br \/>\nweit \u00fcber 1000 EUR liegen.<\/p>\n<p><\/span><\/p>\n<p><span style=\"font-family: Verdana;\"> Es wird st\u00e4ndig an neuen Pr\u00e4paraten und Behandlungsm\u00f6glichkeiten mit<br \/>\nguten Aussichten geforscht. Auch eine zus\u00e4tzliche hom\u00f6opathische<br \/>\nUnterst\u00fctzung des Tieres zeigte schon oft gute Ergebnisse.<\/span><\/p>\n<p><span style=\"font-family: Verdana;\"> <\/span><\/p>\n<\/div>\n<hr size=\"1\" \/>\n<div><span class=\"luft\"><strong><span style=\"font-family: Verdana;\"><br \/>\nLeishmaniose- Grund zur Panik ?<\/p>\n<p><\/span><br \/>\n<\/strong><span style=\"font-family: Verdana;\">Sicher nicht! Auch diese Krankheit mu\u00df<br \/>\nihren Schrecken endlich verlieren! Ein leishmaniose-positiver Hund kann<br \/>\ndurchaus ein hohes Lebensalter mit sehr guter Lebensqualit\u00e4t erreichen.<\/span><\/p>\n<p><span style=\"font-family: Verdana;\"> Im Umgang mit infizierten Tieren besteht f\u00fcr den gesunden Menschen keine<br \/>\nGefahr, sich zu infizieren.<\/span><\/p>\n<p><span style=\"font-family: Verdana;\"> Nat\u00fcrlich m\u00fcssen trotzdem entsprechende Hygieneregeln (H\u00e4ndewaschen,<br \/>\nVorsicht im Umgang mit offenen Wunden etc.) eingehalten werden, die f\u00fcr<br \/>\njeden Hundehalter aber sowieso selbstverst\u00e4ndlich sein sollten.<\/span><\/p>\n<p><span style=\"font-family: Verdana;\"> Wissenschaftlich gesehen, gibt es KEINEN einzigen nachgewiesenen Fall,<br \/>\nbei dem sich der Mensch durch seinen Hund infiziert hat, eben weil<br \/>\ninzwischen der Entwicklungsweg der Leishmanien bekannt und erforscht<br \/>\nist.<\/span><\/p>\n<p><span style=\"font-family: Verdana;\"><br \/>\n<\/span><\/p>\n<p><\/span><\/div>\n<hr size=\"1\" \/>\n<div><span class=\"luft\"><strong><span style=\"color: #0000ff;\"><br \/>\n<\/span><span style=\"font-family: Verdana;\">Filariose<\/span><\/strong><span style=\"font-family: Verdana;\"> <\/span><span style=\"color: #0000ff;\"><br \/>\n(Herzwurm) <\/span><\/p>\n<p>Filaria immitis (Herzwurm) ist ein Parasit der sich vorwiegend in der<br \/>\nrechten Herzkammer und in den von dort zur Lunge f\u00fchrenden Arterien<br \/>\nansiedelt. Herzw\u00fcrmer kommen in allen tropischen und subtropischen<br \/>\nGebieten, einschlie\u00dflich der Mittelmeerl\u00e4ndern vor. F\u00fcr die \u00dcbertragung<br \/>\nwerden bis zu 70 Arten von Stechm\u00fccken verantwortlich gemacht.<\/p>\n<p><strong>Krankheitsverlauf: <\/strong><\/p>\n<p>Die Entwicklung beginnt bereits in der Stechm\u00fccke, wo die ersten<br \/>\nLarvenstadien durchlaufen werden bis hin zu der sog. Mikrofilarie.<br \/>\n70-100 Tage nach dem infekti\u00f6sen Stich gelangen die adulten Herzw\u00fcrmer<br \/>\nin die Pulmonalarterien und bereits nach 3 Monaten entsteht eine neue<br \/>\nGeneration von Herzw\u00fcrmern. 6-7 Monate nach Infektion kann man im Blut<br \/>\ndes Hundes neue Larvenstadien im Blut feststellen. Der Hund verliert an<br \/>\nGewicht und Kondition, leidet unter Husten, Herz-, Leber- und<br \/>\nNiereninsuffizienz. Durch st\u00e4ndige Reizung der Arterienw\u00e4nde kommt es<br \/>\nzur Verdickung der Arterien. Dadurch kommt es zu einer Drucksteigerung<br \/>\nim Lungenkreislauf (Cor pulmonale) und einer erh\u00f6hten Thrombosegefahr,<br \/>\nwelche durch entz\u00fcndliche Ver\u00e4nderungen und abgestorbene W\u00fcrmer noch<br \/>\nerh\u00f6ht wird. Folgeerkrankungen k\u00f6nnen sein: rechtsseitige<br \/>\nHerzinsuffizienz, Bauchwassersucht, Leberschwellungen, Lungenentz\u00fcndung<br \/>\nund Eisenablagerug im Organismus. Massiver Befall kann zu Blutr\u00fcckstau<br \/>\nin die Leber f\u00fchren, was wiederum Erkrankungen der Leber und der<br \/>\nGallenwege verursachen kann. Beim weitern Verlauf kann es zus\u00e4tzlich zu<br \/>\nAn\u00e4mien, Ausscheidung des Blutfarbstoffes \u00fcber den Urin und<br \/>\nGerinnungsst\u00f6rungen kommen. Meist kommt es dann zu einem t\u00f6dlichen<br \/>\nNierenversagen.<\/p>\n<p><strong>Diagnose:<\/strong><\/p>\n<p>Der (Antigen-) Nachweis adulter Herzw\u00fcrmer wird mittels Serum \u00fcber einen<br \/>\nELISA-Test durchgef\u00fchrt.<\/p>\n<p>Der mikroskopische Nachweis der Mikrofilarien ist \u00fcber einen<br \/>\nBlutausstrich m\u00f6glich. Die Blutentnahme sollte in den Morgen- oder<br \/>\nAbendstunden vorgenommen werden, da sich die Mikrofilarien dann in den<br \/>\nBlutgef\u00e4\u00dfen dicht unter der Haut befinden. Bewegliche Mikrofilarien sind<br \/>\nsichtbar.<\/p>\n<p><strong>Therapie:<\/strong><\/p>\n<p>Alle Mittel gegen Dirofilariose sind mehr oder weniger toxisch!<br \/>\nCarpasolate (Arsenverbindung) bei adulten Filarien: 2,2mg\/kg KG i.v. an<br \/>\nzwei aufeinanderfolgenden Tagen \u2013 bei Nebenwirkungen wie Erbrechen,<br \/>\nAppetitlosigkeit oder Ikterus sollte die Therapie sofort abgebrochen<br \/>\nwerden. Immiticide (Melarsamin) ist besser vertr\u00e4glich: 2,5mg\/kg KG i.m.<br \/>\n2x im Abstand von 24 Stunden Ivermectin bei Mikrofilarien: 0,05-0,5mg\/kg<br \/>\nKG s.c. als Einzeldosis Es kann infolge der massiven<br \/>\nFremdeiwei\u00dfbelastung zu einer anaphylaktischen Reaktion kommen, deshalb<br \/>\nsollte die Therapie mit Antihistaminika und evtl. Prednisolon vorbereite<br \/>\nund begleitet werden!<\/p>\n<p><strong>Prophylaxe:<\/strong><\/p>\n<p>In endemischen Gebieten sollte eine Chemoprophylaxe betrieben werden.<br \/>\nZur Verf\u00fcgung steht als Injektion: Heartgard 30 (Ivermectin: 0,006mg\/kg<br \/>\nKG s.c. alle 4 Wochen) oder als Spot-On: Stonghold (eine Ampulle der<br \/>\njeweiligen Gewichtsklasse alle 4 Wochen). Die Mittel sind f\u00fcr Collies<br \/>\nund Bobtails nicht geeignet!! Fragen Sie hierzu Ihren Tierarzt!!<\/p>\n<p><\/span><\/div>\n<p class=\"luft\">\n<\/td>\n<\/tr>\n<\/tbody>\n<\/table>\n<\/td>\n<\/tr>\n<\/tbody>\n<\/table>\n<\/td>\n<\/tr>\n<\/tbody>\n<\/table>\n<table id=\"table5\" border=\"0\" cellspacing=\"1\" cellpadding=\"1\" width=\"99%\" align=\"left\">\n<tbody>\n<tr align=\"left\" valign=\"top\">\n<td><span style=\"font-family: Verdana; color: #000000;\"><a href=\"#top\"><span style=\"font-family: Verdana; color: #000000;\">[oben]<\/span><\/a><\/span><\/td>\n<\/tr>\n<\/tbody>\n<\/table>\n<\/td>\n<p><!-- abstandshalter rechts vom inhalt --><\/p>\n<td width=\"177\"><\/td>\n<\/tr>\n<\/tbody>\n<\/table>\n","protected":false},"excerpt":{"rendered":"<p>Wir sind bem\u00fcht, die Informationen aktuell zu halten. N\u00e4here Informationen zu nachstehenden Krankheiten finden Sie auch bei www.parasitus.com Weitere interessante Informationen zu Filariose und Leishmaniose finden Sie bei Wikipedia. Leishmaniose &#8211; Grund zur Panik? Leishmaniose ist eine weltweit vorkommende Parasitose mit unterschiedlichen Krankheitsbildern bei Mensch und Tier, die viele Menschen aus Unwissenheit in Angst und [&hellip;]<\/p>\n","protected":false},"author":1,"featured_media":0,"parent":14060,"menu_order":0,"comment_status":"open","ping_status":"closed","template":"","meta":{"footnotes":""},"class_list":["post-4270","page","type-page","status-publish","hentry"],"_links":{"self":[{"href":"https:\/\/www.luftbruecke-fuer-hunde.de\/_cms\/index.php?rest_route=\/wp\/v2\/pages\/4270","targetHints":{"allow":["GET"]}}],"collection":[{"href":"https:\/\/www.luftbruecke-fuer-hunde.de\/_cms\/index.php?rest_route=\/wp\/v2\/pages"}],"about":[{"href":"https:\/\/www.luftbruecke-fuer-hunde.de\/_cms\/index.php?rest_route=\/wp\/v2\/types\/page"}],"author":[{"embeddable":true,"href":"https:\/\/www.luftbruecke-fuer-hunde.de\/_cms\/index.php?rest_route=\/wp\/v2\/users\/1"}],"replies":[{"embeddable":true,"href":"https:\/\/www.luftbruecke-fuer-hunde.de\/_cms\/index.php?rest_route=%2Fwp%2Fv2%2Fcomments&post=4270"}],"version-history":[{"count":0,"href":"https:\/\/www.luftbruecke-fuer-hunde.de\/_cms\/index.php?rest_route=\/wp\/v2\/pages\/4270\/revisions"}],"up":[{"embeddable":true,"href":"https:\/\/www.luftbruecke-fuer-hunde.de\/_cms\/index.php?rest_route=\/wp\/v2\/pages\/14060"}],"wp:attachment":[{"href":"https:\/\/www.luftbruecke-fuer-hunde.de\/_cms\/index.php?rest_route=%2Fwp%2Fv2%2Fmedia&parent=4270"}],"curies":[{"name":"wp","href":"https:\/\/api.w.org\/{rel}","templated":true}]}}