{"id":32,"date":"2008-01-10T17:31:09","date_gmt":"2008-01-10T16:31:09","guid":{"rendered":"http:\/\/www.luftbruecke-fuer-hunde.de\/_cms\/?page_id=32"},"modified":"2026-01-05T15:19:27","modified_gmt":"2026-01-05T13:19:27","slug":"home","status":"publish","type":"page","link":"https:\/\/www.luftbruecke-fuer-hunde.de\/_cms\/?page_id=32","title":{"rendered":"HOME"},"content":{"rendered":"<p><!-- <a href=\"https:\/\/luftbruecke-fuer-hunde.de\" target=\"_top\" rel=\"noopener noreferrer\">https:\/\/luftbruecke-fuer-hunde.de<\/a> --><\/p>\n<div style=\"color: #000000; font-size: 10pt; text-align: center; font-weight: bold;\">\n<h2><span style=\"color: #993300;\"><strong>Einsame und verlassene Hundeseelen <br \/>fristen in ganz Europa ihr Dasein. <\/strong><\/span><\/h2>\n<p>Wir haben es uns zur Aufgabe gemacht zu helfen !<\/p><\/div>\n<p><a href=\"http:\/\/www.luftbruecke-fuer-hunde.de\/_cms\/wp-content\/uploads\/Alle-m-Rand.jpg\"><img loading=\"lazy\" decoding=\"async\" class=\"alignright size-full wp-image-19061\" src=\"http:\/\/www.luftbruecke-fuer-hunde.de\/_cms\/wp-content\/uploads\/Alle-m-Rand.jpg\" alt=\"Alle m Rand\" width=\"881\" height=\"240\" \/><\/a><\/p>\n<hr \/>\n<div align=\"center\">\n<img loading=\"lazy\" decoding=\"async\" src=\"https:\/\/www.luftbruecke-fuer-hunde.de\/_cms\/wp-content\/uploads\/FlyerSenioren-1024x682.jpg\" alt=\"\" width=\"1024\" height=\"682\" class=\"alignnone size-large wp-image-25893\" srcset=\"https:\/\/www.luftbruecke-fuer-hunde.de\/_cms\/wp-content\/uploads\/FlyerSenioren-1024x682.jpg 1024w, https:\/\/www.luftbruecke-fuer-hunde.de\/_cms\/wp-content\/uploads\/FlyerSenioren-300x200.jpg 300w, https:\/\/www.luftbruecke-fuer-hunde.de\/_cms\/wp-content\/uploads\/FlyerSenioren-768x512.jpg 768w, https:\/\/www.luftbruecke-fuer-hunde.de\/_cms\/wp-content\/uploads\/FlyerSenioren.jpg 1249w\" sizes=\"auto, (max-width: 1024px) 100vw, 1024px\" \/><\/p>\n<form action=\"https:\/\/www.paypal.com\/cgi-bin\/webscr\" method=\"post\" target=\"PayPal\"><input name=\"cmd\" type=\"hidden\" value=\"_s-xclick\" \/><br \/>\n<input name=\"hosted_button_id\" type=\"hidden\" value=\"RAKLCUMPU47UE\" \/><br \/>\n<input alt=\"Jetzt einfach, schnell und sicher online bezahlen \u2013 mit PayPal.\" name=\"submit\" src=\"https:\/\/www.paypalobjects.com\/de_DE\/DE\/i\/btn\/btn_donateCC_LG.gif\" type=\"image\" width=\"100\" \/><br \/>\n<img loading=\"lazy\" decoding=\"async\" src=\"https:\/\/www.paypalobjects.com\/de_DE\/i\/scr\/pixel.gif\" alt=\"\" width=\"1\" height=\"1\" border=\"0\" \/><img decoding=\"async\" src=\"zertifiziert_120px.png\" alt=\"\" width=\"360\" border=\"0\" \/><\/form>\n<\/div>\n<hr \/>\n<p>&nbsp;<\/p>\n<p><img loading=\"lazy\" decoding=\"async\" class=\"aligncenter size-medium wp-image-24886\" src=\"https:\/\/www.luftbruecke-fuer-hunde.de\/_cms\/wp-content\/uploads\/lfh20jahre-300x300.jpg\" alt=\"20 Jahre\" width=\"240\" height=\"240\" srcset=\"https:\/\/www.luftbruecke-fuer-hunde.de\/_cms\/wp-content\/uploads\/lfh20jahre-300x300.jpg 300w, https:\/\/www.luftbruecke-fuer-hunde.de\/_cms\/wp-content\/uploads\/lfh20jahre.jpg 720w\" sizes=\"auto, (max-width: 240px) 100vw, 240px\" \/><\/p>\n<div style=\"text-align: center; font-weight: bold; color: red; font-size: 24px;\">20-j\u00e4hriges<br \/>\nBestehen der Luftbr\u00fccke<\/div>\n<p style=\"text-align: center;\">Wer unsere unerm\u00fcdliche Arbeit w\u00fcrdigen m\u00f6chte, kann<br \/>\nuns bitte mit einer kleinen Spende f\u00fcr Kastrationen in<br \/>\nRum\u00e4nien unterst\u00fctzen.Wir w\u00e4ren sehr dankbar und anders l\u00e4\u00dft sich das Elend<br \/>\nnicht bew\u00e4ltigen.<\/p>\n<form action=\"https:\/\/www.paypal.com\/cgi-bin\/webscr\" method=\"post\" target=\"PayPal\"><input name=\"cmd\" type=\"hidden\" value=\"_s-xclick\" \/><br \/>\n<input name=\"hosted_button_id\" type=\"hidden\" value=\"RAKLCUMPU47UE\" \/><br \/>\n<input alt=\"Jetzt einfach, schnell und sicher online bezahlen \u2013 mit PayPal.\" name=\"submit\" src=\"https:\/\/www.paypalobjects.com\/de_DE\/DE\/i\/btn\/btn_donateCC_LG.gif\" type=\"image\" width=\"100\" \/><br \/>\n<img loading=\"lazy\" decoding=\"async\" src=\"https:\/\/www.paypalobjects.com\/de_DE\/i\/scr\/pixel.gif\" alt=\"\" width=\"1\" height=\"1\" border=\"0\" \/><img decoding=\"async\" src=\"zertifiziert_120px.png\" alt=\"\" width=\"360\" border=\"0\" \/><\/form>\n<hr \/>\n<div style=\"text-align: center; font-weight: bold; color: red; font-size: 60px;\">SOS &#8230; SOS &#8230; SOS<\/div>\n<div style=\"text-align: left; font-weight: bold; position: relative; top: -60px;\">\n<h1 style=\"color: #777777;\">DRINGEND FUTTERPATEN GESUCHT<\/h1>\n<p><img decoding=\"async\" class=\"aligncenter size-full wp-image-23851\" src=\"http:\/\/www.luftbruecke-fuer-hunde.de\/_cms\/wp-content\/uploads\/sos.jpg\" alt=\"\" width=\"600\" srcset=\"https:\/\/www.luftbruecke-fuer-hunde.de\/_cms\/wp-content\/uploads\/sos.jpg 1024w, https:\/\/www.luftbruecke-fuer-hunde.de\/_cms\/wp-content\/uploads\/sos-300x225.jpg 300w, https:\/\/www.luftbruecke-fuer-hunde.de\/_cms\/wp-content\/uploads\/sos-768x576.jpg 768w\" sizes=\"(max-width: 1024px) 100vw, 1024px\" \/><br \/>\nEs werden dringend Paten gesucht, die die Auffangstation in<\/p>\n<p>Rum\u00e4nien mit einem monatlichen Betrag ( den jeder selbst<\/p>\n<p>bestimmen kann ) f\u00fcr Futter unterst\u00fctzt.<\/p>\n<p>Die Auffangstation\u00a0 versorgt im Moment ca. 40 Hunde \u2013 es werden<\/p>\n<p>aber t\u00e4glich mehr.<\/p>\n<p>Ende des Jahres k\u00f6nnen wir Ihnen gerne eine<\/p>\n<p>Spendenbescheinigung ausstellen&#8230;&#8230;&#8230;..<\/p>\n<\/div>\n<form action=\"https:\/\/www.paypal.com\/cgi-bin\/webscr\" method=\"post\" target=\"PayPal\"><input name=\"cmd\" type=\"hidden\" value=\"_s-xclick\" \/><br \/>\n<input name=\"hosted_button_id\" type=\"hidden\" value=\"RAKLCUMPU47UE\" \/><br \/>\n<input alt=\"Jetzt einfach, schnell und sicher online bezahlen \u2013 mit PayPal.\" name=\"submit\" src=\"https:\/\/www.paypalobjects.com\/de_DE\/DE\/i\/btn\/btn_donateCC_LG.gif\" type=\"image\" width=\"100\" \/><br \/>\n<img loading=\"lazy\" decoding=\"async\" src=\"https:\/\/www.paypalobjects.com\/de_DE\/i\/scr\/pixel.gif\" alt=\"\" width=\"1\" height=\"1\" border=\"0\" \/><img decoding=\"async\" src=\"zertifiziert_120px.png\" alt=\"\" width=\"360\" border=\"0\" \/><\/form>\n<hr \/>\n<p><a href=\"http:\/\/www.luftbruecke-fuer-hunde.de\/_cms\/wp-content\/uploads\/Ich-habe..5.jpg\"><img loading=\"lazy\" decoding=\"async\" class=\"alignnone size-large wp-image-16923\" title=\"Ich habe..5\" src=\"http:\/\/www.luftbruecke-fuer-hunde.de\/_cms\/wp-content\/uploads\/Ich-habe..5-744x1024.jpg\" alt=\"\" width=\"744\" height=\"1024\" srcset=\"https:\/\/www.luftbruecke-fuer-hunde.de\/_cms\/wp-content\/uploads\/Ich-habe..5-744x1024.jpg 744w, https:\/\/www.luftbruecke-fuer-hunde.de\/_cms\/wp-content\/uploads\/Ich-habe..5-290x400.jpg 290w, https:\/\/www.luftbruecke-fuer-hunde.de\/_cms\/wp-content\/uploads\/Ich-habe..5.jpg 1090w\" sizes=\"auto, (max-width: 744px) 100vw, 744px\" \/><\/a><\/p>\n<hr \/>\n<p><a href=\"http:\/\/www.luftbruecke-fuer-hunde.de\/_cms\/wp-content\/uploads\/Nur-ein-Hund-neu-1.jpg\"><img loading=\"lazy\" decoding=\"async\" class=\"alignnone size-large wp-image-15462\" title=\"Nur ein Hund neu 1\" src=\"http:\/\/www.luftbruecke-fuer-hunde.de\/_cms\/wp-content\/uploads\/Nur-ein-Hund-neu-1-1024x839.jpg\" alt=\"\" width=\"756\" height=\"613\" \/><\/a><\/p>\n<hr \/>\n<p>Wir haben diesen Brief erhalten, er stammt von einem Angestellten einer Perrera und m\u00f6chten Ihn gern \u00fcbersetzt zur Verf\u00fcgung stellen. Vielen Dank f\u00fcr die Zeit, die Ihr Euch nimmt um seine Zeilen zu lesen. Hut ab, Jazz, Danke f\u00fcr Deine Worte! Sie haben mich sehr bewegt und ich habe Deinen Brief sehr gerne \u00fcbersetzt. Constanze Sch\u00f6ttler, 1. Vorsitzende von Perros de Catalunya e.V.<\/p>\n<p><a href=\"http:\/\/www.luftbruecke-fuer-hunde.de\/_cms\/?page_id=10058\"><strong>Brief von einem Arbeitnehmer aus einer Perrera<\/strong><\/a><\/p>\n<hr \/>\n<p>&nbsp;<\/p>\n<p><!-- xxxxxxxxxxxx Spendenmarathon xxxxxxxxxxxxxxxx --><\/p>\n<p><!-- xxxxxxxxxxxxxxxxxxxxxxxxxxxxxxxxxxxxxxxxxxx --><\/p>\n","protected":false},"excerpt":{"rendered":"<p>Einsame und verlassene Hundeseelen fristen in ganz Europa ihr Dasein. Wir haben es uns zur Aufgabe gemacht zu helfen ! &nbsp; 20-j\u00e4hriges Bestehen der Luftbr\u00fccke Wer unsere unerm\u00fcdliche Arbeit w\u00fcrdigen m\u00f6chte, kann uns bitte mit einer kleinen Spende f\u00fcr Kastrationen in Rum\u00e4nien unterst\u00fctzen.Wir w\u00e4ren sehr dankbar und anders l\u00e4\u00dft sich das Elend nicht bew\u00e4ltigen. SOS [&hellip;]<\/p>\n","protected":false},"author":1,"featured_media":0,"parent":0,"menu_order":1,"comment_status":"open","ping_status":"closed","template":"","meta":{"footnotes":""},"class_list":["post-32","page","type-page","status-publish","hentry"],"_links":{"self":[{"href":"https:\/\/www.luftbruecke-fuer-hunde.de\/_cms\/index.php?rest_route=\/wp\/v2\/pages\/32","targetHints":{"allow":["GET"]}}],"collection":[{"href":"https:\/\/www.luftbruecke-fuer-hunde.de\/_cms\/index.php?rest_route=\/wp\/v2\/pages"}],"about":[{"href":"https:\/\/www.luftbruecke-fuer-hunde.de\/_cms\/index.php?rest_route=\/wp\/v2\/types\/page"}],"author":[{"embeddable":true,"href":"https:\/\/www.luftbruecke-fuer-hunde.de\/_cms\/index.php?rest_route=\/wp\/v2\/users\/1"}],"replies":[{"embeddable":true,"href":"https:\/\/www.luftbruecke-fuer-hunde.de\/_cms\/index.php?rest_route=%2Fwp%2Fv2%2Fcomments&post=32"}],"version-history":[{"count":9,"href":"https:\/\/www.luftbruecke-fuer-hunde.de\/_cms\/index.php?rest_route=\/wp\/v2\/pages\/32\/revisions"}],"predecessor-version":[{"id":26660,"href":"https:\/\/www.luftbruecke-fuer-hunde.de\/_cms\/index.php?rest_route=\/wp\/v2\/pages\/32\/revisions\/26660"}],"wp:attachment":[{"href":"https:\/\/www.luftbruecke-fuer-hunde.de\/_cms\/index.php?rest_route=%2Fwp%2Fv2%2Fmedia&parent=32"}],"curies":[{"name":"wp","href":"https:\/\/api.w.org\/{rel}","templated":true}]}}