{"id":26452,"date":"2025-09-13T20:54:35","date_gmt":"2025-09-13T18:54:35","guid":{"rendered":"https:\/\/www.luftbruecke-fuer-hunde.de\/_cms\/?page_id=26452"},"modified":"2025-10-14T09:24:21","modified_gmt":"2025-10-14T07:24:21","slug":"%c2%a711-abs-1-nr-5-tierschg","status":"publish","type":"page","link":"https:\/\/www.luftbruecke-fuer-hunde.de\/_cms\/?page_id=26452","title":{"rendered":"wir sind zertifiziert"},"content":{"rendered":"<p>Aufsichtsbeh\u00f6rde: Stadt Krefeld \u2013 Fachbereich Ordnung:<br \/>\n<strong>Tierschutzverein Luftbr\u00fccke f\u00fcr Hunde e.V. ist eine gepr\u00fcfte Organisation<\/strong><\/p>\n<p>mit Erlaubnis nach \u00a711 Abs. 1 Satz 1 Nr. 5 Tierschutzgesetz<em><br \/>\nWer Wirbeltiere, die nicht Nutztiere sind, zum Zwecke der Abgabe gegen Entgelt oder eine sonstige Gegenleistung in das Inland verbringen oder einf\u00fchren oder die Abgabe solcher Tiere, die in das Inland verbracht oder eingef\u00fchrt werden sollen oder worden sind, gegen Entgelt oder eine sonstige Gegenleistung vermitteln will, bedarf der Erlaubnis der zust\u00e4ndigen Beh\u00f6rde.<\/em><\/p>\n","protected":false},"excerpt":{"rendered":"<p>Aufsichtsbeh\u00f6rde: Stadt Krefeld \u2013 Fachbereich Ordnung: Tierschutzverein Luftbr\u00fccke f\u00fcr Hunde e.V. ist eine gepr\u00fcfte Organisation mit Erlaubnis nach \u00a711 Abs. 1 Satz 1 Nr. 5 Tierschutzgesetz Wer Wirbeltiere, die nicht Nutztiere sind, zum Zwecke der Abgabe gegen Entgelt oder eine sonstige Gegenleistung in das Inland verbringen oder einf\u00fchren oder die Abgabe solcher Tiere, die in [&hellip;]<\/p>\n","protected":false},"author":2,"featured_media":0,"parent":0,"menu_order":0,"comment_status":"closed","ping_status":"closed","template":"","meta":{"footnotes":""},"class_list":["post-26452","page","type-page","status-publish","hentry"],"_links":{"self":[{"href":"https:\/\/www.luftbruecke-fuer-hunde.de\/_cms\/index.php?rest_route=\/wp\/v2\/pages\/26452","targetHints":{"allow":["GET"]}}],"collection":[{"href":"https:\/\/www.luftbruecke-fuer-hunde.de\/_cms\/index.php?rest_route=\/wp\/v2\/pages"}],"about":[{"href":"https:\/\/www.luftbruecke-fuer-hunde.de\/_cms\/index.php?rest_route=\/wp\/v2\/types\/page"}],"author":[{"embeddable":true,"href":"https:\/\/www.luftbruecke-fuer-hunde.de\/_cms\/index.php?rest_route=\/wp\/v2\/users\/2"}],"replies":[{"embeddable":true,"href":"https:\/\/www.luftbruecke-fuer-hunde.de\/_cms\/index.php?rest_route=%2Fwp%2Fv2%2Fcomments&post=26452"}],"version-history":[{"count":6,"href":"https:\/\/www.luftbruecke-fuer-hunde.de\/_cms\/index.php?rest_route=\/wp\/v2\/pages\/26452\/revisions"}],"predecessor-version":[{"id":26525,"href":"https:\/\/www.luftbruecke-fuer-hunde.de\/_cms\/index.php?rest_route=\/wp\/v2\/pages\/26452\/revisions\/26525"}],"wp:attachment":[{"href":"https:\/\/www.luftbruecke-fuer-hunde.de\/_cms\/index.php?rest_route=%2Fwp%2Fv2%2Fmedia&parent=26452"}],"curies":[{"name":"wp","href":"https:\/\/api.w.org\/{rel}","templated":true}]}}